{"id":7,"date":"2025-11-13T08:06:14","date_gmt":"2025-11-13T08:06:14","guid":{"rendered":"https:\/\/hdoulu.wpenginepowered.com\/?page_id=7"},"modified":"2025-11-13T08:06:14","modified_gmt":"2025-11-13T08:06:14","slug":"hd-oulu","status":"publish","type":"page","link":"https:\/\/www.hdoulu.fi\/","title":{"rendered":"HD Oulu"},"content":{"rendered":"\n<p>Matkamme Harley-Davidsonin virallisena j\u00e4lleenmyyj\u00e4n\u00e4 p\u00e4\u00e4ttyy 31.12.2025.\u00a0<\/p>\n\n\n\n<p>Uusien H-D moottoripy\u00f6rien sek\u00e4 huollon takuut\u00f6iden osalta suosittelemme k\u00e4\u00e4ntym\u00e4\u00e4n l\u00e4himm\u00e4n H-D j\u00e4lleenmyyj\u00e4n puoleen:<br>Moto Sein\u00e4joki<br>Lieskatie 2, 60510 Hyllykallio<br><a href=\"mailto:myynti@moto-seinajoki.fi\">myynti@moto-seinajoki.fi<\/a>\u00a0\/ 020 793 9860<br>Kaikki j\u00e4lleenmyyj\u00e4t l\u00f6yd\u00e4t osoitteesta:\u00a0<a href=\"http:\/\/www.harley-davidson.fi\/\">http:\/\/www.harley-davidson.fi\/<\/a><br><br>Muilta osin toimintamme kuten huolto, k\u00e4yttetyjen H-D py\u00f6rien myynti ja varaosapalvelut pysyv\u00e4t ennallaan Euro Motor Centeriss\u00e4:<br><a href=\"https:\/\/www.euromotorcenter.fi\/\">https:\/\/www.euromotorcenter.fi\/<\/a><\/p>\n\n\n\n<div style=\"height:37px\" aria-hidden=\"true\" class=\"wp-block-spacer\"><\/div>\n\n\n\n<hr class=\"wp-block-separator has-alpha-channel-opacity\"\/>\n\n\n\n<div style=\"height:37px\" aria-hidden=\"true\" class=\"wp-block-spacer\"><\/div>\n\n\n\n<p>Our journey as an official Harley-Davidson dealer ended on December 31, 2025.<br>For new H-D motorcycles and warranty service, we recommend contacting your nearest H-D dealer:<\/p>\n\n\n\n<p>Moto Sein\u00e4joki<br>Lieskatie 2, 60510 Hyllykallio<br><a href=\"mailto:myynti@moto-seinajoki.fi\">myynti@moto-seinajoki.fi<\/a>&nbsp;\/ +358 20 793 9860<\/p>\n\n\n\n<p>You can find all dealers at:&nbsp;<a href=\"http:\/\/www.harley-davidson.fi\/?utm_source=chatgpt.com\">http:\/\/www.harley-davidson.fi\/<\/a><\/p>\n\n\n\n<p>In all other respects, services such as maintenance,\u00a0used bike\u00a0sales and\u00a0aftermarket spareparts\u00a0remain available at Euro Motor Center: <a href=\"https:\/\/www.euromotorcenter.fi\/\">https:\/\/www.euromotorcenter.fi\/<\/a><\/p>\n","protected":false},"excerpt":{"rendered":"<p>Matkamme Harley-Davidsonin virallisena j\u00e4lleenmyyj\u00e4n\u00e4 p\u00e4\u00e4ttyy 31.12.2025.\u00a0 Uusien H-D moottoripy\u00f6rien sek\u00e4 huollon takuut\u00f6iden osalta suosittelemme k\u00e4\u00e4ntym\u00e4\u00e4n l\u00e4himm\u00e4n H-D j\u00e4lleenmyyj\u00e4n puoleen:Moto Sein\u00e4jokiLieskatie 2, 60510 Hyllykalliomyynti@moto-seinajoki.fi\u00a0\/ 020 793 9860Kaikki j\u00e4lleenmyyj\u00e4t l\u00f6yd\u00e4t osoitteesta:\u00a0http:\/\/www.harley-davidson.fi\/ Muilta osin toimintamme kuten huolto, k\u00e4yttetyjen H-D py\u00f6rien myynti ja varaosapalvelut pysyv\u00e4t ennallaan Euro Motor Centeriss\u00e4:https:\/\/www.euromotorcenter.fi\/ Our journey as an official Harley-Davidson dealer ended on December &hellip;<\/p>\n","protected":false},"author":1,"featured_media":0,"parent":0,"menu_order":0,"comment_status":"closed","ping_status":"closed","template":"","meta":{"_genesis_block_theme_hide_title":false,"footnotes":""},"class_list":["post-7","page","type-page","status-publish","hentry","post","without-featured-image"],"featured_image_src":null,"featured_image_src_square":null,"_links":{"self":[{"href":"https:\/\/www.hdoulu.fi\/index.php?rest_route=\/wp\/v2\/pages\/7","targetHints":{"allow":["GET"]}}],"collection":[{"href":"https:\/\/www.hdoulu.fi\/index.php?rest_route=\/wp\/v2\/pages"}],"about":[{"href":"https:\/\/www.hdoulu.fi\/index.php?rest_route=\/wp\/v2\/types\/page"}],"author":[{"embeddable":true,"href":"https:\/\/www.hdoulu.fi\/index.php?rest_route=\/wp\/v2\/users\/1"}],"replies":[{"embeddable":true,"href":"https:\/\/www.hdoulu.fi\/index.php?rest_route=%2Fwp%2Fv2%2Fcomments&post=7"}],"version-history":[{"count":0,"href":"https:\/\/www.hdoulu.fi\/index.php?rest_route=\/wp\/v2\/pages\/7\/revisions"}],"wp:attachment":[{"href":"https:\/\/www.hdoulu.fi\/index.php?rest_route=%2Fwp%2Fv2%2Fmedia&parent=7"}],"curies":[{"name":"wp","href":"https:\/\/api.w.org\/{rel}","templated":true}]}}